{"id":3229,"date":"2016-09-13T01:37:19","date_gmt":"2016-09-13T01:37:19","guid":{"rendered":"http:\/\/www.spheretester.com\/es\/caracteristicas\/"},"modified":"2016-09-13T06:18:07","modified_gmt":"2016-09-13T06:18:07","slug":"caracteristicas","status":"publish","type":"page","link":"https:\/\/www.spheretester.com\/es\/caracteristicas\/","title":{"rendered":"Caracter\u00edsticas"},"content":{"rendered":"<style type='text\/css'>.reading-box-container-1 .element-bottomshadow:before,.reading-box-container-1 .element-bottomshadow:after{opacity:0.1;}<\/style><div class=\"fusion-reading-box-container reading-box-container-1\"><div class=\"reading-box element-bottomshadow\" style=\"background-color:#fff;border-width:1px;border-color:#f6f6f6;border-top-width:3px;border-top-color:#1a80b6;border-style:solid;\">Estas son algunas de las caracter\u00edsticas ofrecidas por SphereTester; la Gu\u00eda de Usuario de SphereTester contiene una lista completa de las caracter\u00edsticas proporcionadas por SphereTester.<\/div><\/div>\n<h1>Calendario econ\u00f3mico<\/h1>\n<p style=\"text-align: justify;\"><img loading=\"lazy\" decoding=\"async\" class=\"alignleft size-full wp-image-148\" src=\"http:\/\/spheretester.com\/wp-content\/uploads\/2015\/04\/forex_tester_news.jpg\" alt=\"forex_tester_news\" width=\"312\" height=\"328\" srcset=\"https:\/\/www.spheretester.com\/wp-content\/uploads\/2015\/04\/forex_tester_news.jpg 312w, https:\/\/www.spheretester.com\/wp-content\/uploads\/2015\/04\/forex_tester_news-285x300.jpg 285w\" sizes=\"auto, (max-width: 312px) 100vw, 312px\" \/>SphereTester es el primer probador de forex que integra un calendario econ\u00f3mico. Este nos permite visualizar las noticias y los valores reales, previstos y pasados de cualquier divisa principal o evento econ\u00f3mico para cualquier periodo de tiempo desde 2006. Esta soluci\u00f3n exclusiva nos permite tener en cuenta diferentes eventos y estimar su impacto en nuestras estrategias de trading con mayor facilidad que nunca, adem\u00e1s de entender mejor c\u00f3mo estos eventos afectan a los movimientos de cualquier par de divisas o instrumento.<\/p>\n<p style=\"text-align: justify;\">El impacto potencial que cabe esperar de determinado evento se expresa a trav\u00e9s del color del mismo (as\u00ed, el rojo indica alto impacto, el naranja medio y el verde bajo), mientras que los datos hist\u00f3ricos est\u00e1n marcados en gris para una mejor legibilidad, y los valores reales de los eventos econ\u00f3micos se muestran solo para los eventos hist\u00f3ricos, para simular una experiencia de trading en vivo. El horario GMT del broker y el n\u00famero de acontecimientos pasados y noticias futuras se pueden ajustar f\u00e1cilmente en cualquier momento durante una prueba.<\/p>\n<p style=\"text-align: justify;\">Los eventos en el calendario se actualizan en tiempo real seg\u00fan el periodo de tiempo de su prueba, tal y como ocurrieron en la vida real, y los datos de las noticias se actualizan autom\u00e1ticamente cada semana, sin necesidad de intervenir manualmente o importar archivos.<\/p>\n<h1>Posibilidad de m\u00faltiples temporalidades<\/h1>\n<p style=\"text-align: justify;\">SphereTester soporta de forma nativa m\u00faltiples temporalidades durante las simulaciones. Esto significa que no est\u00e1 limitado a una \u00fanica temporalidad en sus pruebas, sino que podr\u00e1 generar cualquier temporalidad que necesite para su estrategia. \u00a1Vea el siguiente v\u00eddeo o encuentre m\u00e1s informaci\u00f3n en nuestra <a href=\"http:\/\/spheretester.com\/user-guide\/#Custom_Timeframes\">Gu\u00eda de Usuario<\/a>!<\/p>\n<p style=\"text-align: center;\"><div class=\"fusion-video fusion-youtube\" style=\"max-width:600px;max-height:350px;\"><div class=\"video-shortcode\"><iframe loading=\"lazy\" title=\"YouTube video player\" src=\"https:\/\/www.youtube.com\/embed\/skwBB62mxHc?wmode=transparent\" width=\"600\" height=\"350\" frameborder=\"0\" allowfullscreen><\/iframe><\/div><\/div>\n<h1>Arrastre y suelte \u00f3rdenes pendientes<\/h1>\n<p style=\"text-align: justify;\">\nColocar una orden pendiente no es tan simple como puede parecer. Normalmente, estas \u00f3rdenes se abren despu\u00e9s de analizar cuidadosamente la tendencia actual y los niveles de resistencia y apoyo. SphereTester proporciona un m\u00e9todo f\u00e1cil para ejecutar dichas \u00f3rdenes: simplemente arrastre la flecha que corresponda (verde para<br \/>\nlargos, rojo para cortos) hasta un punto cerca del eje Y del lado derecho del gr\u00e1fico y aparecer\u00e1 una l\u00ednea. Mueva la flecha hasta el precio en el que su orden pendiente deber\u00eda ejecutarse y su\u00e9ltela; la orden pendiente se ejecutar\u00e1 en el pr\u00f3ximo tick entrante.<\/p>\n<p style=\"text-align: center;\"> <img decoding=\"async\" src=\"http:\/\/spheretester.com\/wp-content\/uploads\/2015\/04\/drag_drop.jpg\" alt=\"Drag&amp;Drop pending order\" \/> \n<p>&nbsp;<\/p>\n<h1>Control de velocidad y pausa<\/h1>\n<p style=\"text-align: justify;\">\u00a1S\u00ed, por fin est\u00e1 aqu\u00ed! Si ha usado antes el Probador de Estrategias en modo visual, seguramente se habr\u00e1 dado cuenta que usar la velocidad 32 es mucho m\u00e1s r\u00e1pido que 31, pero no lo suficiente. \u00a1Con SphereTester, eso se ha acabado!<\/p>\n<p style=\"text-align: justify;\">Comience su simulaci\u00f3n con la velocidad m\u00e1xima (32), minimice el Probador de Estrategias (Ctrl+R) y regule la velocidad de su prueba directamente desde el gr\u00e1fico. Nuestro exclusivo algoritmo asegura que la transici\u00f3n entre velocidades distintas es m\u00e1s suave y mejor que el manejo de velocidades original en MetaTrader 4. \u00bfNecesita m\u00e1s tiempo para realizar su an\u00e1lisis? No hay problema, tambi\u00e9n dispone de un bot\u00f3n de pausa en el gr\u00e1fico, \u00a1disfrute!<\/p>\n<p><img loading=\"lazy\" decoding=\"async\" class=\"aligncenter size-full wp-image-214\" src=\"http:\/\/spheretester.com\/wp-content\/uploads\/2015\/04\/speed-control.jpg\" alt=\"speed control\" width=\"400\" height=\"400\" srcset=\"https:\/\/www.spheretester.com\/wp-content\/uploads\/2015\/04\/speed-control.jpg 400w, https:\/\/www.spheretester.com\/wp-content\/uploads\/2015\/04\/speed-control-150x150.jpg 150w, https:\/\/www.spheretester.com\/wp-content\/uploads\/2015\/04\/speed-control-300x300.jpg 300w, https:\/\/www.spheretester.com\/wp-content\/uploads\/2015\/04\/speed-control-66x66.jpg 66w\" sizes=\"auto, (max-width: 400px) 100vw, 400px\" \/><\/p>\n<h1>Pantallas flotantes<\/h1>\n<p style=\"text-align: justify;\">Actualmente, SphereTester tiene tres paneles operacionales: el panel principal para ejecutar \u00f3rdenes, el panel de manejo de \u00f3rdenes y el panel de eventos econ\u00f3micos. Estos paneles flotan sobre los gr\u00e1ficos y se pueden mover a cualquier posici\u00f3n si se mantiene pulsado el bot\u00f3n azul en la esquina superior izquierda de cada ventana. Si necesita tener libre todo el espacio sobre su gr\u00e1fico, puede ocultar los paneles usando los botones (Ocultar eventos\/Ocultar \u00d3rdenes) en el panel principal o haciendo clic en el bot\u00f3n rojo con una X en la esquina superior derecha de cada ventana.<\/p>\n<h1>Actualizaciones autom\u00e1ticas<\/h1>\n<p style=\"text-align: justify;\">De manera peri\u00f3dica, desarrollamos actualizaciones que incluyen mejoras del rendimiento, nuevas caracter\u00edsticas, ajustes a las actualizaciones de la plataforma MT4 y soluciones de errores. Estas actualizaciones se lanzan autom\u00e1ticamente para asegurar que siempre tenga la \u00faltima y m\u00e1s actualizada versi\u00f3n disponible. Cuando se publique una nueva actualizaci\u00f3n y SphereTester se actualice, ver\u00e1 una notificaci\u00f3n en la pantalla con los detalles de dicha actualizaci\u00f3n e instrucciones sobre c\u00f3mo proceder (podr\u00eda ser necesario reiniciar el terminal).<\/p>\n<h1>Manejo de \u00f3rdenes en pantalla<\/h1>\n<p style=\"text-align: justify;\">Cuando est\u00e9 operando y tenga varias \u00f3rdenes abiertas, puede resultar dif\u00edcil manejarlas todas. SphereTester cuenta con un panel con todos los detalles y funciones que necesita para manejar sus \u00f3rdenes. Cierre \u00f3rdenes al mercado o borre transacciones pendientes, modifique\/borre los niveles de StopLoss y TakeProfit, cierre parcialmente o establezca el valor de TakeProfit a Break Even; cualquier cosa que necesite est\u00e1 aqu\u00ed.<\/p>\n<p style=\"text-align: justify;\">\u00a0<img loading=\"lazy\" decoding=\"async\" class=\"aligncenter size-full wp-image-216\" src=\"http:\/\/spheretester.com\/wp-content\/uploads\/2015\/04\/order_management.jpg\" alt=\"order_management\" width=\"510\" height=\"143\" srcset=\"https:\/\/www.spheretester.com\/wp-content\/uploads\/2015\/04\/order_management.jpg 510w, https:\/\/www.spheretester.com\/wp-content\/uploads\/2015\/04\/order_management-300x84.jpg 300w\" sizes=\"auto, (max-width: 510px) 100vw, 510px\" \/><\/p>\n","protected":false},"excerpt":{"rendered":"<p>Calendario econ\u00f3mico SphereTester es el primer probador de forex que integra un calendario econ\u00f3mico. Este nos permite visualizar las noticias y los valores reales, previstos y pasados de cualquier divisa principal o evento econ\u00f3mico para cualquier periodo de tiempo desde 2006. Esta soluci\u00f3n exclusiva nos permite tener en cuenta diferentes eventos y estimar su impacto [&hellip;]<\/p>\n","protected":false},"author":1,"featured_media":0,"parent":0,"menu_order":0,"comment_status":"open","ping_status":"open","template":"","meta":{"_bbp_topic_count":0,"_bbp_reply_count":0,"_bbp_total_topic_count":0,"_bbp_total_reply_count":0,"_bbp_voice_count":0,"_bbp_anonymous_reply_count":0,"_bbp_topic_count_hidden":0,"_bbp_reply_count_hidden":0,"_bbp_forum_subforum_count":0,"_monsterinsights_skip_tracking":false,"_monsterinsights_sitenote_active":false,"_monsterinsights_sitenote_note":"","_monsterinsights_sitenote_category":0,"footnotes":""},"class_list":["post-3229","page","type-page","status-publish","hentry"],"yoast_head":"<!-- This site is optimized with the Yoast SEO plugin v22.6 - https:\/\/yoast.com\/wordpress\/plugins\/seo\/ -->\n<title>Caracter\u00edsticas - SphereTester - The Ultimate Forex Tester<\/title>\n<meta name=\"robots\" content=\"index, follow, max-snippet:-1, max-image-preview:large, max-video-preview:-1\" \/>\n<link rel=\"canonical\" href=\"https:\/\/www.spheretester.com\/features\/\" \/>\n<meta property=\"og:locale\" content=\"es_ES\" \/>\n<meta property=\"og:type\" content=\"article\" \/>\n<meta property=\"og:title\" content=\"Caracter\u00edsticas - SphereTester - The Ultimate Forex Tester\" \/>\n<meta property=\"og:description\" content=\"Calendario econ\u00f3mico SphereTester es el primer probador de forex que integra un calendario econ\u00f3mico. Este nos permite visualizar las noticias y los valores reales, previstos y pasados de cualquier divisa principal o evento econ\u00f3mico para cualquier periodo de tiempo desde 2006. Esta soluci\u00f3n exclusiva nos permite tener en cuenta diferentes eventos y estimar su impacto [&hellip;]\" \/>\n<meta property=\"og:url\" content=\"https:\/\/www.spheretester.com\/features\/\" \/>\n<meta property=\"og:site_name\" content=\"SphereTester - The Ultimate Forex Tester\" \/>\n<meta property=\"article:modified_time\" content=\"2016-09-13T06:18:07+00:00\" \/>\n<meta property=\"og:image\" content=\"http:\/\/spheretester.com\/wp-content\/uploads\/2015\/04\/forex_tester_news.jpg\" \/>\n<meta name=\"twitter:label1\" content=\"Tiempo de lectura\" \/>\n\t<meta name=\"twitter:data1\" content=\"4 minutos\" \/>\n<script type=\"application\/ld+json\" class=\"yoast-schema-graph\">{\"@context\":\"https:\/\/schema.org\",\"@graph\":[{\"@type\":\"WebPage\",\"@id\":\"https:\/\/www.spheretester.com\/features\/\",\"url\":\"https:\/\/www.spheretester.com\/features\/\",\"name\":\"Caracter\u00edsticas - SphereTester - The Ultimate Forex Tester\",\"isPartOf\":{\"@id\":\"https:\/\/www.spheretester.com\/#website\"},\"primaryImageOfPage\":{\"@id\":\"https:\/\/www.spheretester.com\/features\/#primaryimage\"},\"image\":{\"@id\":\"https:\/\/www.spheretester.com\/features\/#primaryimage\"},\"thumbnailUrl\":\"http:\/\/spheretester.com\/wp-content\/uploads\/2015\/04\/forex_tester_news.jpg\",\"datePublished\":\"2016-09-13T01:37:19+00:00\",\"dateModified\":\"2016-09-13T06:18:07+00:00\",\"breadcrumb\":{\"@id\":\"https:\/\/www.spheretester.com\/features\/#breadcrumb\"},\"inLanguage\":\"es\",\"potentialAction\":[{\"@type\":\"ReadAction\",\"target\":[\"https:\/\/www.spheretester.com\/features\/\"]}]},{\"@type\":\"ImageObject\",\"inLanguage\":\"es\",\"@id\":\"https:\/\/www.spheretester.com\/features\/#primaryimage\",\"url\":\"http:\/\/spheretester.com\/wp-content\/uploads\/2015\/04\/forex_tester_news.jpg\",\"contentUrl\":\"http:\/\/spheretester.com\/wp-content\/uploads\/2015\/04\/forex_tester_news.jpg\"},{\"@type\":\"BreadcrumbList\",\"@id\":\"https:\/\/www.spheretester.com\/features\/#breadcrumb\",\"itemListElement\":[{\"@type\":\"ListItem\",\"position\":1,\"name\":\"Home\",\"item\":\"https:\/\/www.spheretester.com\/es\/\"},{\"@type\":\"ListItem\",\"position\":2,\"name\":\"Caracter\u00edsticas\"}]},{\"@type\":\"WebSite\",\"@id\":\"https:\/\/www.spheretester.com\/#website\",\"url\":\"https:\/\/www.spheretester.com\/\",\"name\":\"SphereTester - The Ultimate Forex Tester\",\"description\":\"Professional Forex Testing Tool\",\"potentialAction\":[{\"@type\":\"SearchAction\",\"target\":{\"@type\":\"EntryPoint\",\"urlTemplate\":\"https:\/\/www.spheretester.com\/?s={search_term_string}\"},\"query-input\":\"required name=search_term_string\"}],\"inLanguage\":\"es\"}]}<\/script>\n<!-- \/ Yoast SEO plugin. -->","yoast_head_json":{"title":"Caracter\u00edsticas - SphereTester - The Ultimate Forex Tester","robots":{"index":"index","follow":"follow","max-snippet":"max-snippet:-1","max-image-preview":"max-image-preview:large","max-video-preview":"max-video-preview:-1"},"canonical":"https:\/\/www.spheretester.com\/features\/","og_locale":"es_ES","og_type":"article","og_title":"Caracter\u00edsticas - SphereTester - The Ultimate Forex Tester","og_description":"Calendario econ\u00f3mico SphereTester es el primer probador de forex que integra un calendario econ\u00f3mico. Este nos permite visualizar las noticias y los valores reales, previstos y pasados de cualquier divisa principal o evento econ\u00f3mico para cualquier periodo de tiempo desde 2006. Esta soluci\u00f3n exclusiva nos permite tener en cuenta diferentes eventos y estimar su impacto [&hellip;]","og_url":"https:\/\/www.spheretester.com\/features\/","og_site_name":"SphereTester - The Ultimate Forex Tester","article_modified_time":"2016-09-13T06:18:07+00:00","og_image":[{"url":"http:\/\/spheretester.com\/wp-content\/uploads\/2015\/04\/forex_tester_news.jpg"}],"twitter_misc":{"Tiempo de lectura":"4 minutos"},"schema":{"@context":"https:\/\/schema.org","@graph":[{"@type":"WebPage","@id":"https:\/\/www.spheretester.com\/features\/","url":"https:\/\/www.spheretester.com\/features\/","name":"Caracter\u00edsticas - SphereTester - The Ultimate Forex Tester","isPartOf":{"@id":"https:\/\/www.spheretester.com\/#website"},"primaryImageOfPage":{"@id":"https:\/\/www.spheretester.com\/features\/#primaryimage"},"image":{"@id":"https:\/\/www.spheretester.com\/features\/#primaryimage"},"thumbnailUrl":"http:\/\/spheretester.com\/wp-content\/uploads\/2015\/04\/forex_tester_news.jpg","datePublished":"2016-09-13T01:37:19+00:00","dateModified":"2016-09-13T06:18:07+00:00","breadcrumb":{"@id":"https:\/\/www.spheretester.com\/features\/#breadcrumb"},"inLanguage":"es","potentialAction":[{"@type":"ReadAction","target":["https:\/\/www.spheretester.com\/features\/"]}]},{"@type":"ImageObject","inLanguage":"es","@id":"https:\/\/www.spheretester.com\/features\/#primaryimage","url":"http:\/\/spheretester.com\/wp-content\/uploads\/2015\/04\/forex_tester_news.jpg","contentUrl":"http:\/\/spheretester.com\/wp-content\/uploads\/2015\/04\/forex_tester_news.jpg"},{"@type":"BreadcrumbList","@id":"https:\/\/www.spheretester.com\/features\/#breadcrumb","itemListElement":[{"@type":"ListItem","position":1,"name":"Home","item":"https:\/\/www.spheretester.com\/es\/"},{"@type":"ListItem","position":2,"name":"Caracter\u00edsticas"}]},{"@type":"WebSite","@id":"https:\/\/www.spheretester.com\/#website","url":"https:\/\/www.spheretester.com\/","name":"SphereTester - The Ultimate Forex Tester","description":"Professional Forex Testing Tool","potentialAction":[{"@type":"SearchAction","target":{"@type":"EntryPoint","urlTemplate":"https:\/\/www.spheretester.com\/?s={search_term_string}"},"query-input":"required name=search_term_string"}],"inLanguage":"es"}]}},"_links":{"self":[{"href":"https:\/\/www.spheretester.com\/es\/wp-json\/wp\/v2\/pages\/3229","targetHints":{"allow":["GET"]}}],"collection":[{"href":"https:\/\/www.spheretester.com\/es\/wp-json\/wp\/v2\/pages"}],"about":[{"href":"https:\/\/www.spheretester.com\/es\/wp-json\/wp\/v2\/types\/page"}],"author":[{"embeddable":true,"href":"https:\/\/www.spheretester.com\/es\/wp-json\/wp\/v2\/users\/1"}],"replies":[{"embeddable":true,"href":"https:\/\/www.spheretester.com\/es\/wp-json\/wp\/v2\/comments?post=3229"}],"version-history":[{"count":0,"href":"https:\/\/www.spheretester.com\/es\/wp-json\/wp\/v2\/pages\/3229\/revisions"}],"wp:attachment":[{"href":"https:\/\/www.spheretester.com\/es\/wp-json\/wp\/v2\/media?parent=3229"}],"curies":[{"name":"wp","href":"https:\/\/api.w.org\/{rel}","templated":true}]}}